{"id":68,"date":"2018-07-03T05:59:30","date_gmt":"2018-07-03T05:59:30","guid":{"rendered":"http:\/\/techreyes.com\/index.php\/industries\/"},"modified":"2026-04-15T21:50:03","modified_gmt":"2026-04-15T21:50:03","slug":"productos","status":"publish","type":"page","link":"https:\/\/techreyes.com\/index.php\/productos\/","title":{"rendered":"Productos"},"content":{"rendered":"\t\t<div data-elementor-type=\"wp-post\" data-elementor-id=\"68\" class=\"elementor elementor-68\" data-elementor-settings=\"[]\">\n\t\t\t\t\t\t<div class=\"elementor-inner\">\n\t\t\t\t\t\t\t<div class=\"elementor-section-wrap\">\n\t\t\t\t\t\t\t<section class=\"elementor-section elementor-top-section elementor-element elementor-element-74a433f1 elementor-section-content-middle elementor-section-height-min-height elementor-section-boxed elementor-section-height-default elementor-section-items-middle\" data-id=\"74a433f1\" data-element_type=\"section\" data-settings=\"{&quot;background_background&quot;:&quot;classic&quot;}\">\n\t\t\t\t\t\t\t<div class=\"elementor-background-overlay\"><\/div>\n\t\t\t\t\t\t\t<div class=\"elementor-container elementor-column-gap-no\">\n\t\t\t\t\t\t\t<div class=\"elementor-row\">\n\t\t\t\t\t<div class=\"elementor-column elementor-col-100 elementor-top-column elementor-element elementor-element-6e92de3f\" data-id=\"6e92de3f\" data-element_type=\"column\">\n\t\t\t<div class=\"elementor-column-wrap elementor-element-populated\">\n\t\t\t\t\t\t\t<div class=\"elementor-widget-wrap\">\n\t\t\t\t\t\t<div class=\"elementor-element elementor-element-2951a4c7 elementor-widget elementor-widget-heading\" data-id=\"2951a4c7\" data-element_type=\"widget\" data-widget_type=\"heading.default\">\n\t\t\t\t<div class=\"elementor-widget-container\">\n\t\t\t<h1 class=\"elementor-heading-title elementor-size-default\">productos<\/h1>\t\t<\/div>\n\t\t\t\t<\/div>\n\t\t\t\t<div class=\"elementor-element elementor-element-312debad elementor-widget elementor-widget-text-editor\" data-id=\"312debad\" data-element_type=\"widget\" data-widget_type=\"text-editor.default\">\n\t\t\t\t<div class=\"elementor-widget-container\">\n\t\t\t\t\t<div class=\"elementor-text-editor elementor-clearfix\"><p>Conoce nuestros productos<\/p><\/div>\n\t\t\t\t<\/div>\n\t\t\t\t<\/div>\n\t\t\t\t\t\t<\/div>\n\t\t\t\t\t<\/div>\n\t\t<\/div>\n\t\t\t\t\t\t\t\t<\/div>\n\t\t\t\t\t<\/div>\n\t\t<\/section>\n\t\t\t\t<section class=\"elementor-section elementor-top-section elementor-element elementor-element-23b3990 elementor-section-boxed elementor-section-height-default elementor-section-height-default\" data-id=\"23b3990\" data-element_type=\"section\">\n\t\t\t\t\t\t<div class=\"elementor-container elementor-column-gap-default\">\n\t\t\t\t\t\t\t<div class=\"elementor-row\">\n\t\t\t\t\t<div class=\"elementor-column elementor-col-100 elementor-top-column elementor-element elementor-element-2d63682\" data-id=\"2d63682\" data-element_type=\"column\">\n\t\t\t<div class=\"elementor-column-wrap elementor-element-populated\">\n\t\t\t\t\t\t\t<div class=\"elementor-widget-wrap\">\n\t\t\t\t\t\t<div class=\"elementor-element elementor-element-3d90aae elementor-arrows-position-inside elementor-pagination-position-outside elementor-widget elementor-widget-image-carousel\" data-id=\"3d90aae\" data-element_type=\"widget\" data-settings=\"{&quot;navigation&quot;:&quot;both&quot;,&quot;autoplay&quot;:&quot;yes&quot;,&quot;pause_on_hover&quot;:&quot;yes&quot;,&quot;pause_on_interaction&quot;:&quot;yes&quot;,&quot;autoplay_speed&quot;:5000,&quot;infinite&quot;:&quot;yes&quot;,&quot;speed&quot;:500}\" data-widget_type=\"image-carousel.default\">\n\t\t\t\t<div class=\"elementor-widget-container\">\n\t\t\t\t\t<div class=\"elementor-image-carousel-wrapper swiper-container\" dir=\"ltr\">\n\t\t\t<div class=\"elementor-image-carousel swiper-wrapper\">\n\t\t\t\t<div class=\"swiper-slide\"><a data-elementor-open-lightbox=\"yes\" data-elementor-lightbox-slideshow=\"3d90aae\" data-elementor-lightbox-title=\"EKS 4 GROVE\" href=\"https:\/\/techreyes.com\/wp-content\/uploads\/2026\/04\/IMG_5388-2-4-scaled.jpg\"><figure class=\"swiper-slide-inner\"><img decoding=\"async\" class=\"swiper-slide-image\" src=\"https:\/\/techreyes.com\/wp-content\/uploads\/2026\/04\/IMG_5388-2-4-184x300.jpg\" alt=\"EKS 4 GROVE\" \/><figcaption class=\"elementor-image-carousel-caption\">EKS 4 GROVE<\/figcaption><\/figure><\/a><\/div><div class=\"swiper-slide\"><a data-elementor-open-lightbox=\"yes\" data-elementor-lightbox-slideshow=\"3d90aae\" data-elementor-lightbox-title=\"Tablero de control Liebherr\" href=\"https:\/\/techreyes.com\/wp-content\/uploads\/2022\/04\/WhatsApp-Image-2022-04-06-at-3.33.27-PM-1.jpeg\"><figure class=\"swiper-slide-inner\"><img decoding=\"async\" class=\"swiper-slide-image\" src=\"https:\/\/techreyes.com\/wp-content\/uploads\/2022\/04\/WhatsApp-Image-2022-04-06-at-3.33.27-PM-1-300x225.jpeg\" alt=\"Tablero de control Liebherr\" \/><figcaption class=\"elementor-image-carousel-caption\">Tablero de control Liebherr<\/figcaption><\/figure><\/a><\/div><div class=\"swiper-slide\"><a data-elementor-open-lightbox=\"yes\" data-elementor-lightbox-slideshow=\"3d90aae\" data-elementor-lightbox-title=\"Atano\" href=\"https:\/\/techreyes.com\/wp-content\/uploads\/2022\/01\/atano-normal.jpeg\"><figure class=\"swiper-slide-inner\"><img decoding=\"async\" class=\"swiper-slide-image\" src=\"https:\/\/techreyes.com\/wp-content\/uploads\/2022\/01\/atano-normal-300x208.jpeg\" alt=\"Atano\" \/><figcaption class=\"elementor-image-carousel-caption\">Atano<\/figcaption><\/figure><\/a><\/div><div class=\"swiper-slide\"><a data-elementor-open-lightbox=\"yes\" data-elementor-lightbox-slideshow=\"3d90aae\" data-elementor-lightbox-title=\"kobelco\" href=\"https:\/\/techreyes.com\/wp-content\/uploads\/2022\/01\/kobelco-1.jpg\"><figure class=\"swiper-slide-inner\"><img decoding=\"async\" class=\"swiper-slide-image\" src=\"https:\/\/techreyes.com\/wp-content\/uploads\/2022\/01\/kobelco-1-300x240.jpg\" alt=\"kobelco\" \/><figcaption class=\"elementor-image-carousel-caption\">kobelco<\/figcaption><\/figure><\/a><\/div><div class=\"swiper-slide\"><a data-elementor-open-lightbox=\"yes\" data-elementor-lightbox-slideshow=\"3d90aae\" data-elementor-lightbox-title=\"MicroGuard 424\" href=\"https:\/\/techreyes.com\/wp-content\/uploads\/2026\/04\/IMG_5360-scaled.jpg\"><figure class=\"swiper-slide-inner\"><img decoding=\"async\" class=\"swiper-slide-image\" src=\"https:\/\/techreyes.com\/wp-content\/uploads\/2026\/04\/IMG_5360-300x165.jpg\" alt=\"MicroGuard 424\" \/><figcaption class=\"elementor-image-carousel-caption\">MicroGuard 424<\/figcaption><\/figure><\/a><\/div><div class=\"swiper-slide\"><a data-elementor-open-lightbox=\"yes\" data-elementor-lightbox-slideshow=\"3d90aae\" data-elementor-lightbox-title=\"Actualizaci\u00f3n de LCD a color monitor Liccon 1\" href=\"https:\/\/techreyes.com\/wp-content\/uploads\/2022\/04\/WhatsApp-Image-2022-04-06-at-3.36.34-PM.jpeg\"><figure class=\"swiper-slide-inner\"><img decoding=\"async\" class=\"swiper-slide-image\" src=\"https:\/\/techreyes.com\/wp-content\/uploads\/2022\/04\/WhatsApp-Image-2022-04-06-at-3.36.34-PM-300x225.jpeg\" alt=\"Actualizaci\u00f3n de LCD a color monitor Liccon 1\" \/><figcaption class=\"elementor-image-carousel-caption\">Actualizaci\u00f3n de LCD a color monitor Liccon 1<\/figcaption><\/figure><\/a><\/div><div class=\"swiper-slide\"><a data-elementor-open-lightbox=\"yes\" data-elementor-lightbox-slideshow=\"3d90aae\" data-elementor-lightbox-title=\"Actualizaci\u00f3n LCD color monitor PAT gr\u00faa LinkBelt ATC-3130\" href=\"https:\/\/techreyes.com\/wp-content\/uploads\/2022\/01\/kobelco-2.jpg\"><figure class=\"swiper-slide-inner\"><img decoding=\"async\" class=\"swiper-slide-image\" src=\"https:\/\/techreyes.com\/wp-content\/uploads\/2022\/01\/kobelco-2-300x135.jpg\" alt=\"Actualizaci\u00f3n LCD color monitor PAT gr\u00faa LinkBelt ATC-3130\" \/><figcaption class=\"elementor-image-carousel-caption\">Actualizaci\u00f3n LCD color monitor PAT gr\u00faa LinkBelt ATC-3130<\/figcaption><\/figure><\/a><\/div><div class=\"swiper-slide\"><a data-elementor-open-lightbox=\"yes\" data-elementor-lightbox-slideshow=\"3d90aae\" data-elementor-lightbox-title=\"Reparacion de fuente de alimentaci\u00f3n NT\" href=\"https:\/\/techreyes.com\/wp-content\/uploads\/2022\/04\/WhatsApp-Image-2022-04-06-at-3.38.10-PM.jpeg\"><figure class=\"swiper-slide-inner\"><img decoding=\"async\" class=\"swiper-slide-image\" src=\"https:\/\/techreyes.com\/wp-content\/uploads\/2022\/04\/WhatsApp-Image-2022-04-06-at-3.38.10-PM-300x225.jpeg\" alt=\"Reparacion de fuente de alimentaci\u00f3n NT\" \/><figcaption class=\"elementor-image-carousel-caption\">Reparacion de fuente de alimentaci\u00f3n NT<\/figcaption><\/figure><\/a><\/div><div class=\"swiper-slide\"><a data-elementor-open-lightbox=\"yes\" data-elementor-lightbox-slideshow=\"3d90aae\" data-elementor-lightbox-title=\"TE Liebherr\" href=\"https:\/\/techreyes.com\/wp-content\/uploads\/2026\/04\/IMG_2410-scaled.jpg\"><figure class=\"swiper-slide-inner\"><img decoding=\"async\" class=\"swiper-slide-image\" src=\"https:\/\/techreyes.com\/wp-content\/uploads\/2026\/04\/IMG_2410-300x225.jpg\" alt=\"TE Liebherr\" \/><figcaption class=\"elementor-image-carousel-caption\">TE Liebherr<\/figcaption><\/figure><\/a><\/div><div class=\"swiper-slide\"><a data-elementor-open-lightbox=\"yes\" data-elementor-lightbox-slideshow=\"3d90aae\" data-elementor-lightbox-title=\"Teclado FAUN\" href=\"https:\/\/techreyes.com\/wp-content\/uploads\/2026\/04\/IMG_5142-scaled.jpg\"><figure class=\"swiper-slide-inner\"><img decoding=\"async\" class=\"swiper-slide-image\" src=\"https:\/\/techreyes.com\/wp-content\/uploads\/2026\/04\/IMG_5142-300x215.jpg\" alt=\"Teclado FAUN\" \/><figcaption class=\"elementor-image-carousel-caption\">Teclado FAUN<\/figcaption><\/figure><\/a><\/div><div class=\"swiper-slide\"><a data-elementor-open-lightbox=\"yes\" data-elementor-lightbox-slideshow=\"3d90aae\" href=\"https:\/\/techreyes.com\/wp-content\/uploads\/2026\/04\/IMG_5144-scaled.jpg\"><figure class=\"swiper-slide-inner\"><img decoding=\"async\" class=\"swiper-slide-image\" src=\"https:\/\/techreyes.com\/wp-content\/uploads\/2026\/04\/IMG_5144-300x226.jpg\" alt=\"\" \/><\/figure><\/a><\/div><div class=\"swiper-slide\"><a data-elementor-open-lightbox=\"yes\" data-elementor-lightbox-slideshow=\"3d90aae\" data-elementor-lightbox-title=\"Tablero MMI Grove GMK\" href=\"https:\/\/techreyes.com\/wp-content\/uploads\/2026\/04\/IMG_5145-scaled.jpg\"><figure class=\"swiper-slide-inner\"><img decoding=\"async\" class=\"swiper-slide-image\" src=\"https:\/\/techreyes.com\/wp-content\/uploads\/2026\/04\/IMG_5145-300x232.jpg\" alt=\"Tablero MMI Grove GMK\" \/><figcaption class=\"elementor-image-carousel-caption\">Tablero MMI Grove GMK<\/figcaption><\/figure><\/a><\/div><div class=\"swiper-slide\"><a data-elementor-open-lightbox=\"yes\" data-elementor-lightbox-slideshow=\"3d90aae\" data-elementor-lightbox-title=\"Frontal RCI 150\" href=\"https:\/\/techreyes.com\/wp-content\/uploads\/2026\/04\/IMG_5634-scaled.jpg\"><figure class=\"swiper-slide-inner\"><img decoding=\"async\" class=\"swiper-slide-image\" src=\"https:\/\/techreyes.com\/wp-content\/uploads\/2026\/04\/IMG_5634-300x157.jpg\" alt=\"Frontal RCI 150\" \/><figcaption class=\"elementor-image-carousel-caption\">Frontal RCI 150<\/figcaption><\/figure><\/a><\/div><div class=\"swiper-slide\"><a data-elementor-open-lightbox=\"yes\" data-elementor-lightbox-slideshow=\"3d90aae\" data-elementor-lightbox-title=\"MicroGuard 414\" href=\"https:\/\/techreyes.com\/wp-content\/uploads\/2026\/04\/IMG_5672-3-scaled.jpg\"><figure class=\"swiper-slide-inner\"><img decoding=\"async\" class=\"swiper-slide-image\" src=\"https:\/\/techreyes.com\/wp-content\/uploads\/2026\/04\/IMG_5672-3-182x300.jpg\" alt=\"MicroGuard 414\" \/><figcaption class=\"elementor-image-carousel-caption\">MicroGuard 414<\/figcaption><\/figure><\/a><\/div>\t\t\t<\/div>\n\t\t\t\t\t\t\t\t\t\t\t\t<div class=\"swiper-pagination\"><\/div>\n\t\t\t\t\t\t\t\t\t\t\t\t\t<div class=\"elementor-swiper-button elementor-swiper-button-prev\">\n\t\t\t\t\t\t<i class=\"eicon-chevron-left\" aria-hidden=\"true\"><\/i>\n\t\t\t\t\t\t<span class=\"elementor-screen-only\">Previous<\/span>\n\t\t\t\t\t<\/div>\n\t\t\t\t\t<div class=\"elementor-swiper-button elementor-swiper-button-next\">\n\t\t\t\t\t\t<i class=\"eicon-chevron-right\" aria-hidden=\"true\"><\/i>\n\t\t\t\t\t\t<span class=\"elementor-screen-only\">Next<\/span>\n\t\t\t\t\t<\/div>\n\t\t\t\t\t\t\t\t\t<\/div>\n\t\t\t\t<\/div>\n\t\t\t\t<\/div>\n\t\t\t\t\t\t<\/div>\n\t\t\t\t\t<\/div>\n\t\t<\/div>\n\t\t\t\t\t\t\t\t<\/div>\n\t\t\t\t\t<\/div>\n\t\t<\/section>\n\t\t\t\t<section class=\"elementor-section elementor-top-section elementor-element elementor-element-1346e40 elementor-section-content-middle elementor-section-boxed elementor-section-height-default elementor-section-height-default\" data-id=\"1346e40\" data-element_type=\"section\" data-settings=\"{&quot;background_background&quot;:&quot;gradient&quot;}\">\n\t\t\t\t\t\t<div class=\"elementor-container elementor-column-gap-no\">\n\t\t\t\t\t\t\t<div class=\"elementor-row\">\n\t\t\t\t\t<div class=\"elementor-column elementor-col-100 elementor-top-column elementor-element elementor-element-60cdf2f\" data-id=\"60cdf2f\" data-element_type=\"column\">\n\t\t\t<div class=\"elementor-column-wrap elementor-element-populated\">\n\t\t\t\t\t\t\t<div class=\"elementor-widget-wrap\">\n\t\t\t\t\t\t<div class=\"elementor-element elementor-element-66a3f02 elementor-widget elementor-widget-heading\" data-id=\"66a3f02\" data-element_type=\"widget\" data-widget_type=\"heading.default\">\n\t\t\t\t<div class=\"elementor-widget-container\">\n\t\t\t<h2 class=\"elementor-heading-title elementor-size-default\">nuestros clientes<\/h2>\t\t<\/div>\n\t\t\t\t<\/div>\n\t\t\t\t<div class=\"elementor-element elementor-element-ff9e41f elementor-arrows-position-outside elementor-widget elementor-widget-image-carousel\" data-id=\"ff9e41f\" data-element_type=\"widget\" data-settings=\"{&quot;slides_to_show&quot;:&quot;5&quot;,&quot;slides_to_show_tablet&quot;:&quot;3&quot;,&quot;slides_to_show_mobile&quot;:&quot;1&quot;,&quot;slides_to_scroll&quot;:&quot;1&quot;,&quot;slides_to_scroll_tablet&quot;:&quot;1&quot;,&quot;slides_to_scroll_mobile&quot;:&quot;1&quot;,&quot;navigation&quot;:&quot;arrows&quot;,&quot;image_spacing_custom&quot;:{&quot;unit&quot;:&quot;px&quot;,&quot;size&quot;:80,&quot;sizes&quot;:[]},&quot;autoplay&quot;:&quot;yes&quot;,&quot;pause_on_hover&quot;:&quot;yes&quot;,&quot;pause_on_interaction&quot;:&quot;yes&quot;,&quot;autoplay_speed&quot;:5000,&quot;infinite&quot;:&quot;yes&quot;,&quot;speed&quot;:500}\" data-widget_type=\"image-carousel.default\">\n\t\t\t\t<div class=\"elementor-widget-container\">\n\t\t\t\t\t<div class=\"elementor-image-carousel-wrapper swiper-container\" dir=\"ltr\">\n\t\t\t<div class=\"elementor-image-carousel swiper-wrapper\">\n\t\t\t\t<div class=\"swiper-slide\"><figure class=\"swiper-slide-inner\"><img decoding=\"async\" class=\"swiper-slide-image\" src=\"https:\/\/techreyes.com\/wp-content\/uploads\/2022\/01\/gucamay-inten1.png\" alt=\"gucamay inten1\" \/><\/figure><\/div><div class=\"swiper-slide\"><figure class=\"swiper-slide-inner\"><img decoding=\"async\" class=\"swiper-slide-image\" src=\"https:\/\/techreyes.com\/wp-content\/uploads\/2022\/01\/serpt3.png\" alt=\"serpt3\" \/><\/figure><\/div><div class=\"swiper-slide\"><figure class=\"swiper-slide-inner\"><img decoding=\"async\" class=\"swiper-slide-image\" src=\"https:\/\/techreyes.com\/wp-content\/uploads\/2022\/01\/ttp4.png\" alt=\"ttp4\" \/><\/figure><\/div><div class=\"swiper-slide\"><figure class=\"swiper-slide-inner\"><img decoding=\"async\" class=\"swiper-slide-image\" src=\"https:\/\/techreyes.com\/wp-content\/uploads\/2022\/01\/espiobras2.png\" alt=\"espiobras2\" \/><\/figure><\/div><div class=\"swiper-slide\"><figure class=\"swiper-slide-inner\"><img decoding=\"async\" class=\"swiper-slide-image\" src=\"https:\/\/techreyes.com\/wp-content\/uploads\/2022\/01\/tranb.png\" alt=\"tranb\" \/><\/figure><\/div><div class=\"swiper-slide\"><figure class=\"swiper-slide-inner\"><img decoding=\"async\" class=\"swiper-slide-image\" src=\"https:\/\/techreyes.com\/wp-content\/uploads\/2022\/01\/tcx3.png\" alt=\"tcx3\" \/><\/figure><\/div>\t\t\t<\/div>\n\t\t\t\t\t\t\t\t\t\t\t\t\t\t\t\t<div class=\"elementor-swiper-button elementor-swiper-button-prev\">\n\t\t\t\t\t\t<i class=\"eicon-chevron-left\" aria-hidden=\"true\"><\/i>\n\t\t\t\t\t\t<span class=\"elementor-screen-only\">Previous<\/span>\n\t\t\t\t\t<\/div>\n\t\t\t\t\t<div class=\"elementor-swiper-button elementor-swiper-button-next\">\n\t\t\t\t\t\t<i class=\"eicon-chevron-right\" aria-hidden=\"true\"><\/i>\n\t\t\t\t\t\t<span class=\"elementor-screen-only\">Next<\/span>\n\t\t\t\t\t<\/div>\n\t\t\t\t\t\t\t\t\t<\/div>\n\t\t\t\t<\/div>\n\t\t\t\t<\/div>\n\t\t\t\t\t\t<\/div>\n\t\t\t\t\t<\/div>\n\t\t<\/div>\n\t\t\t\t\t\t\t\t<\/div>\n\t\t\t\t\t<\/div>\n\t\t<\/section>\n\t\t\t\t\t\t<\/div>\n\t\t\t\t\t\t<\/div>\n\t\t\t\t\t<\/div>\n\t\t","protected":false},"excerpt":{"rendered":"<p>productos Conoce nuestros productos EKS 4 GROVE Tablero de control Liebherr Atano kobelco MicroGuard 424 Actualizaci\u00f3n de LCD a color monitor Liccon 1 Actualizaci\u00f3n LCD color monitor PAT gr\u00faa LinkBelt ATC-3130 Reparacion de fuente de alimentaci\u00f3n NT TE Liebherr Teclado FAUN Tablero MMI Grove GMK Frontal RCI 150 MicroGuard 414 Previous Next nuestros clientes Previous &hellip;<\/p>\n<p class=\"read-more\"> <a class=\"\" href=\"https:\/\/techreyes.com\/index.php\/productos\/\"> <span class=\"screen-reader-text\">Productos<\/span> Read More &raquo;<\/a><\/p>\n","protected":false},"author":1,"featured_media":0,"parent":0,"menu_order":0,"comment_status":"closed","ping_status":"closed","template":"","meta":[],"_links":{"self":[{"href":"https:\/\/techreyes.com\/index.php\/wp-json\/wp\/v2\/pages\/68"}],"collection":[{"href":"https:\/\/techreyes.com\/index.php\/wp-json\/wp\/v2\/pages"}],"about":[{"href":"https:\/\/techreyes.com\/index.php\/wp-json\/wp\/v2\/types\/page"}],"author":[{"embeddable":true,"href":"https:\/\/techreyes.com\/index.php\/wp-json\/wp\/v2\/users\/1"}],"replies":[{"embeddable":true,"href":"https:\/\/techreyes.com\/index.php\/wp-json\/wp\/v2\/comments?post=68"}],"version-history":[{"count":60,"href":"https:\/\/techreyes.com\/index.php\/wp-json\/wp\/v2\/pages\/68\/revisions"}],"predecessor-version":[{"id":1110,"href":"https:\/\/techreyes.com\/index.php\/wp-json\/wp\/v2\/pages\/68\/revisions\/1110"}],"wp:attachment":[{"href":"https:\/\/techreyes.com\/index.php\/wp-json\/wp\/v2\/media?parent=68"}],"curies":[{"name":"wp","href":"https:\/\/api.w.org\/{rel}","templated":true}]}}